{"id":11502,"date":"2019-03-21T15:20:48","date_gmt":"2019-03-21T20:20:48","guid":{"rendered":"https:\/\/ieantonionarino.edu.co\/web\/?page_id=11502"},"modified":"2024-09-05T16:55:10","modified_gmt":"2024-09-05T21:55:10","slug":"nuestro-colegio","status":"publish","type":"page","link":"https:\/\/ieantonionarino.edu.co\/web\/nuestro-colegio\/","title":{"rendered":"Instituci\u00f3n"},"content":{"rendered":"<div class=\"wpb-content-wrapper\"><p>[vc_row][vc_column]<div class=\"thim-widget-heading template-base\"><div class=\"sc_heading  text-center\"><h3 style=\"font-size:35px;font-weight:600;\" class=\"title\">Informaci\u00f3n <strong>Institucional<\/strong><\/h3><\/div><\/div>[\/vc_column][\/vc_row][vc_row css=\u00bb.vc_custom_1553219266128{margin-bottom: 15px !important;}\u00bb][vc_column width=\u00bb5\/12&#8243; css=\u00bb.vc_custom_1553219212365{margin-bottom: 30px !important;}\u00bb][vc_column_text]<\/p>\n<h3 class=\"thim-text-title\">Misi\u00f3n<\/h3>\n<p>La Instituci\u00f3n Educativa Colegio Antonio Nari\u00f1o est\u00e1 comprometida con la formaci\u00f3n integral y de calidad de ni\u00f1os, ni\u00f1as, j\u00f3venes y adultos de los estratos 1 y 2 de las Comunas 1 y 9 mediante el desarrollo de competencias, habilidades, destrezas y valores human\u00edsticos fundamentados en los requisitos emanados del Ministerio de Educaci\u00f3n Nacional y principios institucionales de formaci\u00f3n para la cultura, la ciencia y la tecnolog\u00eda, el cuidado del ambiente, la democracia, la ciudadan\u00eda, el respeto por la diversidad y la vida, y las competencias laborales que les permitan en justicia y libertad mejorar su calidad de vida y ser \u00fatiles a la sociedad.[\/vc_column_text][\/vc_column][vc_column width=\u00bb7\/12&#8243; css=\u00bb.vc_custom_1553219224890{margin-bottom: 30px !important;}\u00bb][vc_column_text]<\/p>\n<h3 class=\"thim-text-title\">Visi\u00f3n<\/h3>\n<p>La Instituci\u00f3n Educativa Colegio Antonio Nari\u00f1o en el a\u00f1o 2018 ofrecer\u00e1 a trav\u00e9s de la articulaci\u00f3n del plan de estudios desde Transici\u00f3n a Once Grado y en el Programa ACRECER:<\/p>\n<ul>\n<li>Garantizar el derecho al servicio educativo de calidad bajo los lineamientos del horizonte institucional.<\/li>\n<li>Vivenciar un PEI pertinente, incluyente y basado en la Educaci\u00f3n por Competencias.<\/li>\n<li>Aplicar mejores pr\u00e1cticas pedag\u00f3gicas, y por ende, obtener mejores resultados en las pruebas externas.<\/li>\n<li>Establecer alianzas estrat\u00e9gicas que le permitan fortalecer el servicio que presta.<\/li>\n<li>Dirigir sus esfuerzos hacia el alcance de la certificaci\u00f3n de calidad bajo la norma ISO 9001:2008.<\/li>\n<\/ul>\n<p>[\/vc_column_text][\/vc_column][\/vc_row][vc_row][vc_column][vc_tta_tabs][vc_tta_section title=\u00bbOBJETIVOS Y VALORES\u00bb tab_id=\u00bb1553201553639-a4a157b2-0618&#8243;][vc_column_text]<\/p>\n<h3 class=\"thim-text-title\">Objetivos Institucionales<\/h3>\n<ul class=\"thim-list-content\">\n<li>Ofrecer una formaci\u00f3n integral teniendo en cuenta los conocimientos cient\u00edficos, tecnol\u00f3gicos, art\u00edsticos, y human\u00edsticos, relacionados con la vida social y la naturaleza con el fin de conseguir que el educando desarrolle las competencias, las habilidades, destrezas y valores que le preparen para el trabajo y la vida social.<\/li>\n<li>Proporcionar una s\u00f3lida formaci\u00f3n \u00e9tica, moral y democr\u00e1tica que fomente la pr\u00e1ctica del respeto a los derechos humanos, a los animales y a la diversidad sexual, el cuidado de la naturaleza, los valores de justicia, libertad, responsabilidad, solidaridad, laboriosidad, tolerancia y sentido de pertenencia.<\/li>\n<li>Desarrollar y aplicar colectivamente una propuesta pedag\u00f3gica acorde con las necesidades del contexto y el desarrollo de potencialidades en los estudiantes con una visi\u00f3n de formaci\u00f3n integral y de excelencia del servicio educativo en todas sus sedes.<\/li>\n<li>Formar bachilleres competentes consigo mismo y laboralmente que puedan mejorar sus condiciones de vida y desenvolverse eficazmente dentro de su contexto.<\/li>\n<li>Realizar procesos de gesti\u00f3n y administraci\u00f3n, efectivos y participativos, garantes de un desarrollo institucional regidos por principios de presentaci\u00f3n, colectividad, coadministraci\u00f3n, mejoramiento continuo y sentido de pertenencia.<\/li>\n<li>Ejecutar los fines, prop\u00f3sitos y mandatos educativos por la Constituci\u00f3n Pol\u00edtica Nacional, la Ley General de Educaci\u00f3n y dem\u00e1s normas vigentes, con el fin de propiciar y lograr una educaci\u00f3n integral para la vida.<\/li>\n<\/ul>\n<p>&nbsp;<\/p>\n<h3 class=\"thim-text-title\">Valores Institucionales<\/h3>\n<p>Como ejes articuladores de toda la labor educativa en la Instituci\u00f3n Educativa Antonio Colegio Nari\u00f1o se promocionan y practican permanente los siguientes valores:<\/p>\n<ul class=\"thim-list-content\">\n<li><strong>La Justicia<\/strong>: Se busca promover la equidad en las relaciones interpersonales donde prime el dar a cada persona lo que es debido sin ning\u00fan tipo de discriminaci\u00f3n.<\/li>\n<li><strong>La Libertad:<\/strong> Se potencia la capacidad de obrar seg\u00fan su propia voluntad pero asumiendo la responsabilidad de sus actos y vinculado a prop\u00f3sitos de superaci\u00f3n personal dentro del marco humanitario y del respeto por los dem\u00e1s y por la naturaleza.<\/li>\n<li><strong>El Respeto:<\/strong>La acci\u00f3n educativa se orienta estimando este valor como una actitud necesaria de conciencia y reconocimiento de los derechos de los otros en todos los integrantes de la Comunidad Educativa. Este valor impulsa el saber convivir en la Instituci\u00f3n.<\/li>\n<li><strong>La Responsabilidad:<\/strong>Se promueve en la acci\u00f3n educativa este valor pues hace referencia al cumplimiento consciente, eficiente y oportuno de los deberes y la aceptaci\u00f3n de las consecuencias de sus actos en todos los integrantes de la Comunidad Educativa.<\/li>\n<li><strong>La Solidadaridad:<\/strong>Sepromueve este valor desde el sentido de colaboraci\u00f3n y ayuda desinteresada para los dem\u00e1s y para el bien com\u00fan.<\/li>\n<li><strong>La Laboriosidad<\/strong><strong>:<\/strong>El esfuerzo y la dedicaci\u00f3n de todos los integrantes de la Comunidad Educativa en el alcance de las metas personales e institucionales es altamente valorado.<\/li>\n<li><strong>La Tolerancia:<\/strong>Se promueve en los integrantes de la Comunidad Educativa la aceptaci\u00f3n del otro con todas las diferencias individuales y la convivencia pac\u00edfica.<\/li>\n<li><strong>El Sentido de Pertenencia:<\/strong>Las acciones institucionales permiten a todos los integrantes de la Comunidad Educativa sentirse miembros activos y por consiguiente actores en el proceso de mejoramiento institucional en todos los niveles.<\/li>\n<\/ul>\n<p>[\/vc_column_text][\/vc_tta_section][vc_tta_section title=\u00bbFILOSOF\u00cdA Y PRINCIPIOS\u00bb tab_id=\u00bb1553201553661-4cb8a9a4-11b5&#8243;][vc_column_text]<\/p>\n<h3 class=\"thim-text-title\">Filosof\u00eda y Principios Institucionales<\/h3>\n<p>La Filosof\u00eda de la Instituci\u00f3n Educativa Colegio Antonio Nari\u00f1o, ha optado por una modalidad HUMAN\u00cdSTICA tomada de la observaci\u00f3n y diagnostico hecho con la comunidad educativa, donde se marca la necesidad de fomentar los valores y principios institucionales, no como ense\u00f1anza sino como vivencia en todos los espacios y eventos de la vida diaria, apuntando\u00a0\u00a0a la formaci\u00f3n integral de calidad desde la diversidad que le permitan al educando ser\u00a0\u00a0capaz de enfrentarse a situaciones dif\u00edciles, y a su vez contribuir al crecimiento de su entorno familiar y social.<\/p>\n<p>Nuestra propuesta debe realizarse en coherencia con unos criterios pedag\u00f3gicos y una l\u00ednea metodol\u00f3gica completa que apunta a los principios institucionales desde la formaci\u00f3n para:<\/p>\n<ul class=\"thim-list-content\">\n<li><strong>La Cultura, La Ciencia y la Tecnolog\u00eda <\/strong><\/li>\n<\/ul>\n<p>Dinamizado desde el Proyecto Transversal de Escuelas que Aprenden, el Programa Todos A Aprender y las asignaturas de Ciencias Naturales, Ciencias Sociales, Lengua Castellana, Ingl\u00e9s, Matem\u00e1ticas, Estad\u00edstica, Geometr\u00eda, Art\u00edstica, Tecnolog\u00eda e Inform\u00e1tica con las cuales se fomenta la calidad humana mediante el desarrollo de la creatividad, del mejoramiento del rendimiento acad\u00e9mico y el conocimiento cient\u00edfico y tecnol\u00f3gico.<\/p>\n<ul class=\"thim-list-content\">\n<li><strong>La Democracia, Ciudadan\u00eda y el Respeto por la Diversidad y la Vida<\/strong><\/li>\n<\/ul>\n<p>Dinamizado desde la vivencia del Manual de Convivencia Escolar con el cumplimiento de los deberes y derechos, la participaci\u00f3n activa, el Proyecto Transversal de Educaci\u00f3n Sexual, el Programa Sanamente, las asignaturas de Ciencias Sociales, \u00c9tica, Religi\u00f3n y las cartillas c\u00f3mo ense\u00f1ar a ser responsable y c\u00f3mo prevenir y enfrentar riesgos.<\/p>\n<ul class=\"thim-list-content\">\n<li><strong>El Cuidado del Ambiente y el Respeto por los Derechos de los Animales<\/strong><\/li>\n<\/ul>\n<p>Dinamizado desde el Proyecto Transversal de Educaci\u00f3n ambiental y las asignaturas que conforman el \u00c1rea de Ciencias Naturales, Ciencias Sociales, \u00c9tica y Valores, Educaci\u00f3n Religiosa y el ofrecimiento de una infraestructura f\u00edsica, pedag\u00f3gica y administrativa que favorezca el aprendizaje y la formaci\u00f3n integral de los educandos.<\/p>\n<ul class=\"thim-list-content\">\n<li><strong>En Competencias Laborales<\/strong><\/li>\n<\/ul>\n<p>Dinamizado desde el Proyecto Transversal de Educaci\u00f3n para el Aprovechamiento del Tiempo Libre y la Recreaci\u00f3n liderado por las \u00e1reas de Educaci\u00f3n F\u00edsica, Recreaci\u00f3n y Deportes y Educaci\u00f3n Art\u00edstica, el eje transversal de Emprendimiento y la articulaci\u00f3n con la Educaci\u00f3n Superior o para el Trabajo.[\/vc_column_text][\/vc_tta_section][vc_tta_section title=\u00bbPOL\u00cdTICA Y OBJETIVOS DE CALIDAD\u00bb tab_id=\u00bb1553202116208-8d028f78-28a5&#8243;][vc_column_text]<\/p>\n<h3 class=\"thim-text-title\">Pol\u00edtica de Calidad<\/h3>\n<p>La Instituci\u00f3n Educativa Colegio Antonio Nari\u00f1o como establecimiento de car\u00e1cter p\u00fablico, tiene como pol\u00edtica de calidad garantizar la prestaci\u00f3n del servicio educativo de manera efectiva, de conformidad con la normatividad legal vigente y a trav\u00e9s del acompa\u00f1amiento de un personal docente y administrativo competente que busca el mejoramiento continuo y la excelencia de todos los procesos para cumplir con la formaci\u00f3n integral de seres humanos comprometidos consigo mismos, con la sociedad y con el saber.<\/p>\n<h3 class=\"thim-text-title\">Objetivos de Calidad<\/h3>\n<ul class=\"thim-list-content\">\n<li>Satisfacer los requisitos y necesidades de los usuarios en cumplimiento de la misi\u00f3n institucional, mediante el desarrollo de una cultura de calidad y mejoramiento continuo con enfoque al cliente.<\/li>\n<li>Fortalecer la gesti\u00f3n del talento humano, acorde con las normas legales vigentes y la Propuesta Pedag\u00f3gica de la Instituci\u00f3n para garantizar la formaci\u00f3n de calidad y excelencia que satisfaga las expectativas de todos los integrantes de la Comunidad Educativa.<\/li>\n<li>Consolidar la cultura de planeaci\u00f3n y autoevaluaci\u00f3n permanente, orientada a la obtenci\u00f3n de resultados, elevando el nivel de eficiencia y eficacia, en cumplimiento de los planes de acci\u00f3n institucional.<\/li>\n<li>Mantener un sistema eficiente de comuni\u00f3n interna y externa que llegue a todos los niveles y as\u00ed garantizar el cumplimiento de la misi\u00f3n, objetivos, pol\u00edticas y la retroalimentaci\u00f3n efectiva.<\/li>\n<li>Optimizar los recursos f\u00edsicos y econ\u00f3micos que garanticen el desarrollo institucional y el servicio de calidad.<\/li>\n<li>Fomentar el uso permanente de nuevas tecnolog\u00edas y progresos de innovaci\u00f3n tecnol\u00f3gica.<\/li>\n<\/ul>\n<p>[\/vc_column_text][\/vc_tta_section][vc_tta_section title=\u00bbENFOQUE PEDAG\u00d3GICO\u00bb tab_id=\u00bb1553203450656-a52e943b-1e54&#8243;][vc_column_text]<\/p>\n<h3 class=\"thim-text-title\">Enfoque Pedag\u00f3gico<\/h3>\n<p>El enfoque pedag\u00f3gico de la INSTITUCI\u00d3N EDUCATIVA COLEGIO ANTONIO NARI\u00d1O hace \u00e9nfasis en un acto educativo que garantice el desarrollo de un proceso para ense\u00f1arle al educando a conocer, hacer, ser y convivir que requiere de la actitud de un docente mediador que no asuma una postura pasiva de aceptaci\u00f3n respecto a las limitaciones socio econ\u00f3micas y culturales del educando, sino que trabaje con \u00e9l para modificar y mejorar sus posibilidades de \u00e9xito como persona y ciudadano. Es por ello, que el Aprendizaje en la IEAN, en toda la extensi\u00f3n de la palabra se har\u00e1 Mediado, y en \u00e9l se manifestar\u00e1 su significado.<\/p>\n<p>La capacidad del educando para ser modificado por el aprendizaje de competencias, habilidades, destrezas, m\u00e9todos, procesos, h\u00e1bitos y valores como elementos estructurantes de la persona, depender\u00e1 de la habilidad cognitiva, cognoscitiva y operativa del docente mediador quien ocupa un lugar insustituible en este proceso. En este enfoque, la transmisi\u00f3n de conocimientos se ve debilitada por una acci\u00f3n de indagaci\u00f3n permanente asociada o vinculada a contextos investigativos que obligan a que la labor pedag\u00f3gica sea abierta, flexible, democr\u00e1tica, aut\u00f3noma, transformadora, y emancipadora de los agentes, discursos, pr\u00e1cticas y desarrollos presentes en el proceso educativo.[\/vc_column_text][\/vc_tta_section][\/vc_tta_tabs][\/vc_column][\/vc_row][vc_row full_width=\u00bbstretch_row\u00bb css=\u00bb.vc_custom_1553219306585{background-color: #eee0cd !important;}\u00bb][vc_column]<div class=\"thim-widget-heading template-base\"><div class=\"sc_heading  text-center\"><h4 class=\"title\"><strong>Himno<\/strong> Institucional<\/h4><span class=\"line\"><\/span><\/div><\/div>[\/vc_column][vc_column width=\u00bb1\/4&#8243;]<div class=\"thim-widget-heading template-base\"><div class=\"sc_heading  text-center\"><h3 style=\"text-transform: uppercase;\" class=\"title\">CORO<\/h3><\/div><\/div>[vc_column_text]<\/p>\n<p style=\"text-align: center;\">Nari\u00f1enses marchemos unidos<br \/>\nCon orgullo y gran lealtad<br \/>\nPregonando por siempre principios<br \/>\nDe ciencia, justicia y libertad.<br \/>\nDe ciencia, justicia y libertad.<br \/>\n<em>(Se repite despu\u00e9s de cada estrofa)<\/em>[\/vc_column_text]<div class=\"thim-widget-heading template-base\"><div class=\"sc_heading  text-center\"><h3 style=\"text-transform: uppercase;\" class=\"title\">IV<\/h3><\/div><\/div>[vc_column_text]<\/p>\n<p style=\"text-align: center;\">Precursores de ciencia y valores<br \/>\ncon trabajo, constancia y amor<br \/>\nNuestro anhelo es buscar en los libros<br \/>\nHerramientas de superaci\u00f3n<br \/>\nHerramientas de superaci\u00f3n[\/vc_column_text][\/vc_column][vc_column width=\u00bb1\/4&#8243;]<div class=\"thim-widget-heading template-base\"><div class=\"sc_heading  text-center\"><h3 style=\"text-transform: uppercase;\" class=\"title\">I<\/h3><\/div><\/div>[vc_column_text]<\/p>\n<p style=\"text-align: center;\">Nari\u00f1o ejemplar compatriota<br \/>\nLos derechos del hombre tradujo<br \/>\nDefended con coraje su gloria<br \/>\nNo permitas mancillen su honor.<br \/>\nNo permitas mancillen su honor.[\/vc_column_text]<div class=\"thim-widget-heading template-base\"><div class=\"sc_heading  text-center\"><h3 style=\"text-transform: uppercase;\" class=\"title\">V<\/h3><\/div><\/div>[vc_column_text]<\/p>\n<p style=\"text-align: center;\">El colegio es templo sagrado<br \/>\nsu nombre cantad con amor<br \/>\nAdelante marchemos unidos<br \/>\nBuscando un futuro mejor<br \/>\nBuscando un futuro mejor[\/vc_column_text][\/vc_column][vc_column width=\u00bb1\/4&#8243;]<div class=\"thim-widget-heading template-base\"><div class=\"sc_heading  text-center\"><h3 style=\"text-transform: uppercase;\" class=\"title\">II<\/h3><\/div><\/div>[vc_column_text]<\/p>\n<p style=\"text-align: center;\">Vuestras alas son huertas sagradas<br \/>\nQue cultivan valores y paz<br \/>\nCada gota de ciencia que manan<br \/>\nCual abeja debemos libar.<br \/>\nCual abeja debemos libar.[\/vc_column_text]<div class=\"thim-widget-heading template-base\"><div class=\"sc_heading  text-center\"><h3 style=\"text-transform: uppercase;\" class=\"title\">VI<\/h3><\/div><\/div>[vc_column_text]<\/p>\n<p style=\"text-align: center;\">Quiera Dios que perdure oh colegio<br \/>\nmajestuoso plantel del saber<br \/>\nY que brille por siempre seguro<br \/>\nLa ciencia, justicia y libertad.<br \/>\nLa ciencia, justicia y libertad.[\/vc_column_text][\/vc_column][vc_column width=\u00bb1\/4&#8243;]<div class=\"thim-widget-heading template-base\"><div class=\"sc_heading  text-center\"><h3 style=\"text-transform: uppercase;\" class=\"title\">III<\/h3><\/div><\/div>[vc_column_text]<\/p>\n<p style=\"text-align: center;\">Estudiantes la patria os llama<br \/>\nAcudid a servir con amor<br \/>\nEstudiad con esmero y pujanza<br \/>\nLa victoria cantad con ardor.<br \/>\nLa victoria cantad con ardor.[\/vc_column_text][\/vc_column][\/vc_row]<\/p>\n<\/div>","protected":false},"excerpt":{"rendered":"<p>[vc_row][vc_column][\/vc_column][\/vc_row][vc_row css=\u00bb.vc_custom_1553219266128{margin-bottom: 15px !important;}\u00bb][vc_column width=\u00bb5\/12&#8243; css=\u00bb.vc_custom_1553219212365{margin-bottom: 30px !important;}\u00bb][vc_column_text] Misi\u00f3n La Instituci\u00f3n Educativa Colegio Antonio Nari\u00f1o est\u00e1 comprometida con la formaci\u00f3n integral y de calidad de ni\u00f1os, ni\u00f1as, j\u00f3venes y adultos de los estratos 1 y 2 de las Comunas 1 &hellip; <\/p>\n","protected":false},"author":1,"featured_media":0,"parent":0,"menu_order":0,"comment_status":"closed","ping_status":"closed","template":"","meta":{"footnotes":""},"class_list":["post-11502","page","type-page","status-publish","hentry"],"_links":{"self":[{"href":"https:\/\/ieantonionarino.edu.co\/web\/wp-json\/wp\/v2\/pages\/11502","targetHints":{"allow":["GET"]}}],"collection":[{"href":"https:\/\/ieantonionarino.edu.co\/web\/wp-json\/wp\/v2\/pages"}],"about":[{"href":"https:\/\/ieantonionarino.edu.co\/web\/wp-json\/wp\/v2\/types\/page"}],"author":[{"embeddable":true,"href":"https:\/\/ieantonionarino.edu.co\/web\/wp-json\/wp\/v2\/users\/1"}],"replies":[{"embeddable":true,"href":"https:\/\/ieantonionarino.edu.co\/web\/wp-json\/wp\/v2\/comments?post=11502"}],"version-history":[{"count":2,"href":"https:\/\/ieantonionarino.edu.co\/web\/wp-json\/wp\/v2\/pages\/11502\/revisions"}],"predecessor-version":[{"id":12291,"href":"https:\/\/ieantonionarino.edu.co\/web\/wp-json\/wp\/v2\/pages\/11502\/revisions\/12291"}],"wp:attachment":[{"href":"https:\/\/ieantonionarino.edu.co\/web\/wp-json\/wp\/v2\/media?parent=11502"}],"curies":[{"name":"wp","href":"https:\/\/api.w.org\/{rel}","templated":true}]}}